{"id":1074,"date":"2011-01-24T18:55:25","date_gmt":"2011-01-24T16:55:25","guid":{"rendered":"http:\/\/l2mj.crocpom.fr\/?page_id=1074"},"modified":"2011-02-08T23:27:14","modified_gmt":"2011-02-08T21:27:14","slug":"divers","status":"publish","type":"page","link":"https:\/\/l2mj.crocpom.fr\/?page_id=1074","title":{"rendered":"Divers"},"content":{"rendered":"<p><img decoding=\"async\" src=\"http:\/\/l2mj.crocpom.fr\/wp-content\/plugins\/wp-downloadmanager\/images\/ext\/pdf.gif\" alt=\"\" title=\"\" style=\"vertical-align: middle;\" \/><a href=\"https:\/\/l2mj.crocpom.fr\/?dl_id=5\">Battlelore - R\u00e9sum\u00e9 des r\u00e8gles<\/a><br \/>Le r\u00e9sum\u00e9 des r\u00e8gles du jeu de combat M\u00e9di\u00e9val-Fantastique de Days of Wonder, enfin \u00e0 nouveau t\u00e9l\u00e9chargeable.<\/p><p><img decoding=\"async\" src=\"http:\/\/l2mj.crocpom.fr\/wp-content\/plugins\/wp-downloadmanager\/images\/ext\/pdf.gif\" alt=\"\" title=\"\" style=\"vertical-align: middle;\" \/><a href=\"https:\/\/l2mj.crocpom.fr\/?dl_id=32\">Camel Up, le r\u00e9sum\u00e9 des r\u00e8gles<\/a><br \/>R\u00e9sum\u00e9 des r\u00e8gles du jeu Camel Up en PDF.<\/p><p><img decoding=\"async\" src=\"http:\/\/l2mj.crocpom.fr\/wp-content\/plugins\/wp-downloadmanager\/images\/ext\/pdf.gif\" alt=\"\" title=\"\" style=\"vertical-align: middle;\" \/><a href=\"https:\/\/l2mj.crocpom.fr\/?dl_id=23\">Lancaster, r\u00e9sum\u00e9 des r\u00e8gles<\/a><br \/>R\u00e9sum\u00e9 tenant sur une page A4 des r\u00e8gles du jeu Lancaster.<\/p><p><img decoding=\"async\" src=\"http:\/\/l2mj.crocpom.fr\/wp-content\/plugins\/wp-downloadmanager\/images\/ext\/pdf.gif\" alt=\"\" title=\"\" style=\"vertical-align: middle;\" \/><a href=\"https:\/\/l2mj.crocpom.fr\/?dl_id=31\">Mondo - La r\u00e8gle en fran\u00e7ais<\/a><br \/>Traduction non-officielle de la r\u00e8gle du jeu Mondo<\/p><p><img decoding=\"async\" src=\"http:\/\/l2mj.crocpom.fr\/wp-content\/plugins\/wp-downloadmanager\/images\/ext\/pdf.gif\" alt=\"\" title=\"\" style=\"vertical-align: middle;\" \/><a href=\"https:\/\/l2mj.crocpom.fr\/?dl_id=9\">Pirates du nouveau monde (Pirates of the spanish main)<\/a><br \/>La r\u00e8gle compl\u00e8te et r\u00e9vis\u00e9e du jeu de bateaux \u00e0 collectionner.<\/p><p><img decoding=\"async\" src=\"http:\/\/l2mj.crocpom.fr\/wp-content\/plugins\/wp-downloadmanager\/images\/ext\/zip.gif\" alt=\"\" title=\"\" style=\"vertical-align: middle;\" \/><a href=\"https:\/\/l2mj.crocpom.fr\/?dl_id=22\">Plateau individuel pour Olympos<\/a><br \/>Plateau individuel pour Olympos, qui vous permettra d'organiser votre civilisation, un peu \u00e0 la mani\u00e8re d'Agricola.\r\n\r\nA imprimer en \"Paysage\" et \u00e0 100 % de l'\u00e9chelle d'impression.<\/p><p><img decoding=\"async\" src=\"http:\/\/l2mj.crocpom.fr\/wp-content\/plugins\/wp-downloadmanager\/images\/ext\/pdf.gif\" alt=\"\" title=\"\" style=\"vertical-align: middle;\" \/><a href=\"https:\/\/l2mj.crocpom.fr\/?dl_id=30\">Rokoko - Le r\u00e9sum\u00e9 des r\u00e8gles et le rappel des bonus ouvrier<\/a><br \/>Un r\u00e9sum\u00e9 en Fran\u00e7ais plut\u00f4t complet des r\u00e8gles de Rokoko avec un rappel des bonus ouvrier.<\/p><p><img decoding=\"async\" src=\"http:\/\/l2mj.crocpom.fr\/wp-content\/plugins\/wp-downloadmanager\/images\/ext\/pdf.gif\" alt=\"\" title=\"\" style=\"vertical-align: middle;\" \/><a href=\"https:\/\/l2mj.crocpom.fr\/?dl_id=3\">Roll Through The Ages - Feuille de score avanc\u00e9e au format A4<\/a><br \/>Feuille de score en fran\u00e7ais de la variante officielle \"Roll through the ages - The LATE Bronze Age\", agrandie au format A4.<\/p><p><img decoding=\"async\" src=\"http:\/\/l2mj.crocpom.fr\/wp-content\/plugins\/wp-downloadmanager\/images\/ext\/pdf.gif\" alt=\"\" title=\"\" style=\"vertical-align: middle;\" \/><a href=\"https:\/\/l2mj.crocpom.fr\/?dl_id=2\">Roll Through The Ages - Feuille de score avanc\u00e9e au format A5<\/a><br \/>Feuille de score en fran\u00e7ais de la variante officielle \"Roll through the ages - The LATE Bronze Age\", au format A5 (2 feuilles c\u00f4te \u00e0 c\u00f4te sur une A4 en mode paysage).<\/p><p><img decoding=\"async\" src=\"http:\/\/l2mj.crocpom.fr\/wp-content\/plugins\/wp-downloadmanager\/images\/ext\/pdf.gif\" alt=\"\" title=\"\" style=\"vertical-align: middle;\" \/><a href=\"https:\/\/l2mj.crocpom.fr\/?dl_id=1\">Roll Through The Ages - R\u00e8gles de \"The Late Bronze Age\"<\/a><br \/>Fichier PDF des r\u00e8gles en fran\u00e7ais de la variante officielle \"The LATE Bronze Age\".<\/p><p><img decoding=\"async\" src=\"http:\/\/l2mj.crocpom.fr\/wp-content\/plugins\/wp-downloadmanager\/images\/ext\/pdf.gif\" alt=\"\" title=\"\" style=\"vertical-align: middle;\" \/><a href=\"https:\/\/l2mj.crocpom.fr\/?dl_id=24\">Steel Driver 2nde \u00e9dition - R\u00e8gles en fran\u00e7ais<\/a><br \/>Le PDF officiel de Pegasus Spiele pour la seconde \u00e9dition du jeu \"Steel Driver\", traduit en fran\u00e7ais.<\/p><p><img decoding=\"async\" src=\"http:\/\/l2mj.crocpom.fr\/wp-content\/plugins\/wp-downloadmanager\/images\/ext\/pdf.gif\" alt=\"\" title=\"\" style=\"vertical-align: middle;\" \/><a href=\"https:\/\/l2mj.crocpom.fr\/?dl_id=20\">Strasbourg la r\u00e8gle Fran\u00e7aise<\/a><br \/>Mise en page de la traduction de Mathias Fouquet.<\/p><p><img decoding=\"async\" src=\"http:\/\/l2mj.crocpom.fr\/wp-content\/plugins\/wp-downloadmanager\/images\/ext\/pdf.gif\" alt=\"\" title=\"\" style=\"vertical-align: middle;\" \/><a href=\"https:\/\/l2mj.crocpom.fr\/?dl_id=8\">Subbuteo - Les r\u00e8gles de Base (1995)<\/a><br \/>T\u00e9l\u00e9chargez le fichier PDF des r\u00e8gles de base de cette c\u00e9l\u00e8bre simulation de Football.<\/p><p><img decoding=\"async\" src=\"http:\/\/l2mj.crocpom.fr\/wp-content\/plugins\/wp-downloadmanager\/images\/ext\/pdf.gif\" alt=\"\" title=\"\" style=\"vertical-align: middle;\" \/><a href=\"https:\/\/l2mj.crocpom.fr\/?dl_id=21\">The Resistance - La r\u00e8gle en fran\u00e7ais<\/a><br \/>La r\u00e8gle du jeu \"The Resistance\" en Fran\u00e7ais et en PDF<\/p><p><img decoding=\"async\" src=\"http:\/\/l2mj.crocpom.fr\/wp-content\/plugins\/wp-downloadmanager\/images\/ext\/pdf.gif\" alt=\"\" title=\"\" style=\"vertical-align: middle;\" \/><a href=\"https:\/\/l2mj.crocpom.fr\/?dl_id=25\">Titania, la r\u00e8gle du jeu en fran\u00e7ais.<\/a><br \/>Le PDF de la r\u00e8gle du jeu Titania en fran\u00e7ais.<\/p><p><img decoding=\"async\" src=\"http:\/\/l2mj.crocpom.fr\/wp-content\/plugins\/wp-downloadmanager\/images\/ext\/pdf.gif\" alt=\"\" title=\"\" style=\"vertical-align: middle;\" \/><a href=\"https:\/\/l2mj.crocpom.fr\/?dl_id=6\">World of Warcraft - Traductions des Cartes<\/a><br \/>Traduction des cartes personnages du jeu \"World of Warcraft Miniatures\". C'est un regroupement des fichiers de l'ancien site : wowminis.free.fr<\/p><p><img decoding=\"async\" src=\"http:\/\/l2mj.crocpom.fr\/wp-content\/plugins\/wp-downloadmanager\/images\/ext\/pdf.gif\" alt=\"\" title=\"\" style=\"vertical-align: middle;\" \/><a href=\"https:\/\/l2mj.crocpom.fr\/?dl_id=7\">World of Warcraft Miniatures Game - R\u00e9sum\u00e9 des r\u00e8gles<\/a><br \/>Une r\u00e9capitulation des r\u00e8gles du jeu de base de WOW Minis.<\/p><br>\n","protected":false},"excerpt":{"rendered":"","protected":false},"author":2,"featured_media":0,"parent":221,"menu_order":0,"comment_status":"closed","ping_status":"closed","template":"","meta":{"footnotes":""},"class_list":["post-1074","page","type-page","status-publish","hentry"],"_links":{"self":[{"href":"https:\/\/l2mj.crocpom.fr\/index.php?rest_route=\/wp\/v2\/pages\/1074","targetHints":{"allow":["GET"]}}],"collection":[{"href":"https:\/\/l2mj.crocpom.fr\/index.php?rest_route=\/wp\/v2\/pages"}],"about":[{"href":"https:\/\/l2mj.crocpom.fr\/index.php?rest_route=\/wp\/v2\/types\/page"}],"author":[{"embeddable":true,"href":"https:\/\/l2mj.crocpom.fr\/index.php?rest_route=\/wp\/v2\/users\/2"}],"replies":[{"embeddable":true,"href":"https:\/\/l2mj.crocpom.fr\/index.php?rest_route=%2Fwp%2Fv2%2Fcomments&post=1074"}],"version-history":[{"count":3,"href":"https:\/\/l2mj.crocpom.fr\/index.php?rest_route=\/wp\/v2\/pages\/1074\/revisions"}],"predecessor-version":[{"id":1076,"href":"https:\/\/l2mj.crocpom.fr\/index.php?rest_route=\/wp\/v2\/pages\/1074\/revisions\/1076"}],"up":[{"embeddable":true,"href":"https:\/\/l2mj.crocpom.fr\/index.php?rest_route=\/wp\/v2\/pages\/221"}],"wp:attachment":[{"href":"https:\/\/l2mj.crocpom.fr\/index.php?rest_route=%2Fwp%2Fv2%2Fmedia&parent=1074"}],"curies":[{"name":"wp","href":"https:\/\/api.w.org\/{rel}","templated":true}]}}