{"id":1911,"date":"2022-04-30T11:06:36","date_gmt":"2022-04-30T09:06:36","guid":{"rendered":"http:\/\/l2mj.crocpom.fr\/?page_id=1911"},"modified":"2022-04-30T11:06:51","modified_gmt":"2022-04-30T09:06:51","slug":"sherlock-detective-conseil","status":"publish","type":"page","link":"https:\/\/l2mj.crocpom.fr\/?page_id=1911","title":{"rendered":"Sherlock Detective Conseil"},"content":{"rendered":"<p><img decoding=\"async\" src=\"http:\/\/l2mj.crocpom.fr\/wp-content\/plugins\/wp-downloadmanager\/images\/ext\/pdf.gif\" alt=\"\" title=\"\" style=\"vertical-align: middle;\" \/><a href=\"https:\/\/l2mj.crocpom.fr\/?dl_id=33\">Le pont des suicid\u00e9s<\/a><br \/>Enqu\u00eate pour Sherlock d\u00e9tective conseil.<\/p><p><img decoding=\"async\" src=\"http:\/\/l2mj.crocpom.fr\/wp-content\/plugins\/wp-downloadmanager\/images\/ext\/pdf.gif\" alt=\"\" title=\"\" style=\"vertical-align: middle;\" \/><a href=\"https:\/\/l2mj.crocpom.fr\/?dl_id=34\">Le pont des suicid\u00e9s - Times<\/a><br \/>\u00c9dition du Times de l'enqu\u00eate pour Sherlock detective conseil portant le m\u00eame nom.<\/p><p><img decoding=\"async\" src=\"http:\/\/l2mj.crocpom.fr\/wp-content\/plugins\/wp-downloadmanager\/images\/ext\/pdf.gif\" alt=\"\" title=\"\" style=\"vertical-align: middle;\" \/><a href=\"https:\/\/l2mj.crocpom.fr\/?dl_id=35\">L'affaire de la lettre pi\u00e9g\u00e9e<\/a><br \/>Enqu\u00eate pour Sherlock d\u00e9tective conseil.<\/p><p><img decoding=\"async\" src=\"http:\/\/l2mj.crocpom.fr\/wp-content\/plugins\/wp-downloadmanager\/images\/ext\/pdf.gif\" alt=\"\" title=\"\" style=\"vertical-align: middle;\" \/><a href=\"https:\/\/l2mj.crocpom.fr\/?dl_id=36\">L'affaire de la lettre pi\u00e9g\u00e9e - Times<\/a><br \/>\u00c9dition du Times de l'enqu\u00eate pour Sherlock detective conseil portant le m\u00eame nom.<\/p><p><img decoding=\"async\" src=\"http:\/\/l2mj.crocpom.fr\/wp-content\/plugins\/wp-downloadmanager\/images\/ext\/pdf.gif\" alt=\"\" title=\"\" style=\"vertical-align: middle;\" \/><a href=\"https:\/\/l2mj.crocpom.fr\/?dl_id=37\">L'affaire Diavolo<\/a><br \/>Enqu\u00eate pour Sherlock d\u00e9tective conseil.<\/p><p><img decoding=\"async\" src=\"http:\/\/l2mj.crocpom.fr\/wp-content\/plugins\/wp-downloadmanager\/images\/ext\/pdf.gif\" alt=\"\" title=\"\" style=\"vertical-align: middle;\" \/><a href=\"https:\/\/l2mj.crocpom.fr\/?dl_id=38\">L'affaire Diavolo - Times<\/a><br \/>\u00c9dition du Times de l'enqu\u00eate pour Sherlock detective conseil portant le m\u00eame nom.<\/p><p><img decoding=\"async\" src=\"http:\/\/l2mj.crocpom.fr\/wp-content\/plugins\/wp-downloadmanager\/images\/ext\/pdf.gif\" alt=\"\" title=\"\" style=\"vertical-align: middle;\" \/><a href=\"https:\/\/l2mj.crocpom.fr\/?dl_id=39\">L'affaire du pendu<\/a><br \/>Enqu\u00eate pour Sherlock d\u00e9tective conseil.<\/p><p><img decoding=\"async\" src=\"http:\/\/l2mj.crocpom.fr\/wp-content\/plugins\/wp-downloadmanager\/images\/ext\/pdf.gif\" alt=\"\" title=\"\" style=\"vertical-align: middle;\" \/><a href=\"https:\/\/l2mj.crocpom.fr\/?dl_id=40\">L'affaire du pendu - Times<\/a><br \/>\u00c9dition du Times de l'enqu\u00eate pour Sherlock detective conseil portant le m\u00eame nom.<\/p><p><img decoding=\"async\" src=\"http:\/\/l2mj.crocpom.fr\/wp-content\/plugins\/wp-downloadmanager\/images\/ext\/pdf.gif\" alt=\"\" title=\"\" style=\"vertical-align: middle;\" \/><a href=\"https:\/\/l2mj.crocpom.fr\/?dl_id=41\">Petits jeux entre amis<\/a><br \/>Enqu\u00eate pour Sherlock d\u00e9tective conseil.<\/p><p><img decoding=\"async\" src=\"http:\/\/l2mj.crocpom.fr\/wp-content\/plugins\/wp-downloadmanager\/images\/ext\/pdf.gif\" alt=\"\" title=\"\" style=\"vertical-align: middle;\" \/><a href=\"https:\/\/l2mj.crocpom.fr\/?dl_id=42\">Petits jeux entre amis - Times<\/a><br \/>\u00c9dition du Times de l'enqu\u00eate pour Sherlock detective conseil portant le m\u00eame nom.<\/p><br>\n","protected":false},"excerpt":{"rendered":"","protected":false},"author":2,"featured_media":0,"parent":221,"menu_order":0,"comment_status":"closed","ping_status":"closed","template":"","meta":{"footnotes":""},"class_list":["post-1911","page","type-page","status-publish","hentry"],"_links":{"self":[{"href":"https:\/\/l2mj.crocpom.fr\/index.php?rest_route=\/wp\/v2\/pages\/1911","targetHints":{"allow":["GET"]}}],"collection":[{"href":"https:\/\/l2mj.crocpom.fr\/index.php?rest_route=\/wp\/v2\/pages"}],"about":[{"href":"https:\/\/l2mj.crocpom.fr\/index.php?rest_route=\/wp\/v2\/types\/page"}],"author":[{"embeddable":true,"href":"https:\/\/l2mj.crocpom.fr\/index.php?rest_route=\/wp\/v2\/users\/2"}],"replies":[{"embeddable":true,"href":"https:\/\/l2mj.crocpom.fr\/index.php?rest_route=%2Fwp%2Fv2%2Fcomments&post=1911"}],"version-history":[{"count":1,"href":"https:\/\/l2mj.crocpom.fr\/index.php?rest_route=\/wp\/v2\/pages\/1911\/revisions"}],"predecessor-version":[{"id":1912,"href":"https:\/\/l2mj.crocpom.fr\/index.php?rest_route=\/wp\/v2\/pages\/1911\/revisions\/1912"}],"up":[{"embeddable":true,"href":"https:\/\/l2mj.crocpom.fr\/index.php?rest_route=\/wp\/v2\/pages\/221"}],"wp:attachment":[{"href":"https:\/\/l2mj.crocpom.fr\/index.php?rest_route=%2Fwp%2Fv2%2Fmedia&parent=1911"}],"curies":[{"name":"wp","href":"https:\/\/api.w.org\/{rel}","templated":true}]}}