{"id":1914,"date":"2022-04-30T11:18:48","date_gmt":"2022-04-30T09:18:48","guid":{"rendered":"http:\/\/l2mj.crocpom.fr\/?page_id=1914"},"modified":"2022-04-30T11:19:20","modified_gmt":"2022-04-30T09:19:20","slug":"briskars","status":"publish","type":"page","link":"https:\/\/l2mj.crocpom.fr\/?page_id=1914","title":{"rendered":"Briskars"},"content":{"rendered":"<p><img decoding=\"async\" src=\"http:\/\/l2mj.crocpom.fr\/wp-content\/plugins\/wp-downloadmanager\/images\/ext\/unknown.gif\" alt=\"\" title=\"\" style=\"vertical-align: middle;\" \/><a href=\"https:\/\/l2mj.crocpom.fr\/?dl_id=56\">Fichiers CBZ pour les profils Bannis<\/a><br \/>Fichiers CBZ qui vous permet d'avoir \u00e0 tout moment les profils de vos factions pr\u00e9f\u00e9r\u00e9es sur votre smartphone. (n\u00e9cessite un lecteur de fichiers CBZ comme perfect viewer sur Android).<\/p><p><img decoding=\"async\" src=\"http:\/\/l2mj.crocpom.fr\/wp-content\/plugins\/wp-downloadmanager\/images\/ext\/unknown.gif\" alt=\"\" title=\"\" style=\"vertical-align: middle;\" \/><a href=\"https:\/\/l2mj.crocpom.fr\/?dl_id=55\">Fichiers CBZ pour les profils Celks<\/a><br \/>Fichiers CBZ qui vous permet d'avoir \u00e0 tout moment les profils de vos factions pr\u00e9f\u00e9r\u00e9es sur votre smartphone. (n\u00e9cessite un lecteur de fichiers CBZ comme perfect viewer sur Android).<\/p><p><img decoding=\"async\" src=\"http:\/\/l2mj.crocpom.fr\/wp-content\/plugins\/wp-downloadmanager\/images\/ext\/unknown.gif\" alt=\"\" title=\"\" style=\"vertical-align: middle;\" \/><a href=\"https:\/\/l2mj.crocpom.fr\/?dl_id=57\">Fichiers CBZ pour les profils Ichtiens<\/a><br \/>Fichiers CBZ qui vous permet d'avoir \u00e0 tout moment les profils de vos factions pr\u00e9f\u00e9r\u00e9es sur votre smartphone. (n\u00e9cessite un lecteur de fichiers CBZ comme perfect viewer sur Android).<\/p><p><img decoding=\"async\" src=\"http:\/\/l2mj.crocpom.fr\/wp-content\/plugins\/wp-downloadmanager\/images\/ext\/unknown.gif\" alt=\"\" title=\"\" style=\"vertical-align: middle;\" \/><a href=\"https:\/\/l2mj.crocpom.fr\/?dl_id=58\">Fichiers CBZ pour les profils Maoks<\/a><br \/>Fichiers CBZ qui vous permet d'avoir \u00e0 tout moment les profils de vos factions pr\u00e9f\u00e9r\u00e9es sur votre smartphone. (n\u00e9cessite un lecteur de fichiers CBZ comme perfect viewer sur Android).<\/p><p><img decoding=\"async\" src=\"http:\/\/l2mj.crocpom.fr\/wp-content\/plugins\/wp-downloadmanager\/images\/ext\/unknown.gif\" alt=\"\" title=\"\" style=\"vertical-align: middle;\" \/><a href=\"https:\/\/l2mj.crocpom.fr\/?dl_id=54\">Fichiers CBZ pour les profils Mercenaires<\/a><br \/>Fichiers CBZ qui vous permet d'avoir \u00e0 tout moment les profils de vos factions pr\u00e9f\u00e9r\u00e9es sur votre smartphone. (n\u00e9cessite un lecteur de fichiers CBZ comme perfect viewer sur Android).<\/p><p><img decoding=\"async\" src=\"http:\/\/l2mj.crocpom.fr\/wp-content\/plugins\/wp-downloadmanager\/images\/ext\/unknown.gif\" alt=\"\" title=\"\" style=\"vertical-align: middle;\" \/><a href=\"https:\/\/l2mj.crocpom.fr\/?dl_id=59\">Fichiers CBZ pour les profils Orenauques<\/a><br \/>Fichiers CBZ qui vous permet d'avoir \u00e0 tout moment les profils de vos factions pr\u00e9f\u00e9r\u00e9es sur votre smartphone. (n\u00e9cessite un lecteur de fichiers CBZ comme perfect viewer sur Android).<\/p><p><img decoding=\"async\" src=\"http:\/\/l2mj.crocpom.fr\/wp-content\/plugins\/wp-downloadmanager\/images\/ext\/unknown.gif\" alt=\"\" title=\"\" style=\"vertical-align: middle;\" \/><a href=\"https:\/\/l2mj.crocpom.fr\/?dl_id=51\">Fichiers CBZ pour les profils Quintors<\/a><br \/>Fichiers CBZ qui vous permet d'avoir \u00e0 tout moment les profils de vos factions pr\u00e9f\u00e9r\u00e9es sur votre smartphone. (n\u00e9cessite un lecteur de fichiers CBZ comme perfect viewer sur Android).<\/p><p><img decoding=\"async\" src=\"http:\/\/l2mj.crocpom.fr\/wp-content\/plugins\/wp-downloadmanager\/images\/ext\/unknown.gif\" alt=\"\" title=\"\" style=\"vertical-align: middle;\" \/><a href=\"https:\/\/l2mj.crocpom.fr\/?dl_id=52\">Fichiers CBZ pour les profils Sundars<\/a><br \/>Fichiers CBZ qui vous permet d'avoir \u00e0 tout moment les profils de vos factions pr\u00e9f\u00e9r\u00e9es sur votre smartphone. (n\u00e9cessite un lecteur de fichiers CBZ comme perfect viewer sur Android).<\/p><p><img decoding=\"async\" src=\"http:\/\/l2mj.crocpom.fr\/wp-content\/plugins\/wp-downloadmanager\/images\/ext\/unknown.gif\" alt=\"\" title=\"\" style=\"vertical-align: middle;\" \/><a href=\"https:\/\/l2mj.crocpom.fr\/?dl_id=53\">Fichiers CBZ pour les profils Thul\u00e9ens<\/a><br \/>Fichiers CBZ qui vous permet d'avoir \u00e0 tout moment les profils de vos factions pr\u00e9f\u00e9r\u00e9es sur votre smartphone. (n\u00e9cessite un lecteur de fichiers CBZ comme perfect viewer sur Android).<\/p><p><img decoding=\"async\" src=\"http:\/\/l2mj.crocpom.fr\/wp-content\/plugins\/wp-downloadmanager\/images\/ext\/pdf.gif\" alt=\"\" title=\"\" style=\"vertical-align: middle;\" \/><a href=\"https:\/\/l2mj.crocpom.fr\/?dl_id=43\">M\u00e9mo pour le jeu de figurines Briskars (par cat\u00e9gories)<\/a><br \/>R\u00e9capitulatif de la structure d'un tour de jeu et liste des actions possibles (tri\u00e9e par cat\u00e9gories) dans le jeu Briskars<\/p><p><img decoding=\"async\" src=\"http:\/\/l2mj.crocpom.fr\/wp-content\/plugins\/wp-downloadmanager\/images\/ext\/pdf.gif\" alt=\"\" title=\"\" style=\"vertical-align: middle;\" \/><a href=\"https:\/\/l2mj.crocpom.fr\/?dl_id=46\">M\u00e9mo pour le jeu de figurines Briskars (tri alphab\u00e9tique)<\/a><br \/>R\u00e9capitulatif de la structure d'un tour de jeu et liste des actions possibles (tri\u00e9e alphab\u00e9tiquement) dans le jeu Briskars.<\/p><p><img decoding=\"async\" src=\"http:\/\/l2mj.crocpom.fr\/wp-content\/plugins\/wp-downloadmanager\/images\/ext\/pdf.gif\" alt=\"\" title=\"\" style=\"vertical-align: middle;\" \/><a href=\"https:\/\/l2mj.crocpom.fr\/?dl_id=60\">M\u00e9mo pour les colosses du jeu de figurines Briskars (Format A5)<\/a><br \/>R\u00e9capitulatif des actions et des r\u00e8gles sp\u00e9cifiques des colosses du jeu Briskars.<\/p><p><img decoding=\"async\" src=\"http:\/\/l2mj.crocpom.fr\/wp-content\/plugins\/wp-downloadmanager\/images\/ext\/pdf.gif\" alt=\"\" title=\"\" style=\"vertical-align: middle;\" \/><a href=\"https:\/\/l2mj.crocpom.fr\/?dl_id=61\">M\u00e9mo pour les montures du jeu de figurines Briskars<\/a><br \/>R\u00e9capitulatif des actions et des r\u00e8gles sp\u00e9cifiques des montures du jeu Briskars.<\/p><br>\n","protected":false},"excerpt":{"rendered":"","protected":false},"author":2,"featured_media":0,"parent":221,"menu_order":0,"comment_status":"closed","ping_status":"closed","template":"","meta":{"footnotes":""},"class_list":["post-1914","page","type-page","status-publish","hentry"],"_links":{"self":[{"href":"https:\/\/l2mj.crocpom.fr\/index.php?rest_route=\/wp\/v2\/pages\/1914","targetHints":{"allow":["GET"]}}],"collection":[{"href":"https:\/\/l2mj.crocpom.fr\/index.php?rest_route=\/wp\/v2\/pages"}],"about":[{"href":"https:\/\/l2mj.crocpom.fr\/index.php?rest_route=\/wp\/v2\/types\/page"}],"author":[{"embeddable":true,"href":"https:\/\/l2mj.crocpom.fr\/index.php?rest_route=\/wp\/v2\/users\/2"}],"replies":[{"embeddable":true,"href":"https:\/\/l2mj.crocpom.fr\/index.php?rest_route=%2Fwp%2Fv2%2Fcomments&post=1914"}],"version-history":[{"count":1,"href":"https:\/\/l2mj.crocpom.fr\/index.php?rest_route=\/wp\/v2\/pages\/1914\/revisions"}],"predecessor-version":[{"id":1915,"href":"https:\/\/l2mj.crocpom.fr\/index.php?rest_route=\/wp\/v2\/pages\/1914\/revisions\/1915"}],"up":[{"embeddable":true,"href":"https:\/\/l2mj.crocpom.fr\/index.php?rest_route=\/wp\/v2\/pages\/221"}],"wp:attachment":[{"href":"https:\/\/l2mj.crocpom.fr\/index.php?rest_route=%2Fwp%2Fv2%2Fmedia&parent=1914"}],"curies":[{"name":"wp","href":"https:\/\/api.w.org\/{rel}","templated":true}]}}