{"id":1916,"date":"2022-04-30T11:19:57","date_gmt":"2022-04-30T09:19:57","guid":{"rendered":"http:\/\/l2mj.crocpom.fr\/?page_id=1916"},"modified":"2022-04-30T11:20:37","modified_gmt":"2022-04-30T09:20:37","slug":"kharn-ages","status":"publish","type":"page","link":"https:\/\/l2mj.crocpom.fr\/?page_id=1916","title":{"rendered":"Kharn-Ages"},"content":{"rendered":"\n<p><img decoding=\"async\" src=\"http:\/\/l2mj.crocpom.fr\/wp-content\/plugins\/wp-downloadmanager\/images\/ext\/unknown.gif\" alt=\"\" title=\"\" style=\"vertical-align: middle;\" \/><a href=\"https:\/\/l2mj.crocpom.fr\/?dl_id=62\">Fichiers CBZ pour les profils Fangs<\/a><br \/>Fichiers CBZ qui vous permet d'avoir \u00e0 tout moment les profils de vos factions pr\u00e9f\u00e9r\u00e9es sur votre smartphone. (n\u00e9cessite un lecteur de fichiers CBZ comme perfect viewer sur Android).<\/p><p><img decoding=\"async\" src=\"http:\/\/l2mj.crocpom.fr\/wp-content\/plugins\/wp-downloadmanager\/images\/ext\/unknown.gif\" alt=\"\" title=\"\" style=\"vertical-align: middle;\" \/><a href=\"https:\/\/l2mj.crocpom.fr\/?dl_id=49\">Fichiers CBZ pour les profils Gouns<\/a><br \/>Fichiers CBZ qui vous permet d'avoir \u00e0 tout moment les profils de vos factions pr\u00e9f\u00e9r\u00e9es sur votre smartphone. (n\u00e9cessite un lecteur de fichiers CBZ comme perfect viewer sur Android).<\/p><p><img decoding=\"async\" src=\"http:\/\/l2mj.crocpom.fr\/wp-content\/plugins\/wp-downloadmanager\/images\/ext\/unknown.gif\" alt=\"\" title=\"\" style=\"vertical-align: middle;\" \/><a href=\"https:\/\/l2mj.crocpom.fr\/?dl_id=50\">Fichiers CBZ pour les profils Guilde noire<\/a><br \/>Fichiers CBZ qui vous permet d'avoir \u00e0 tout moment les profils de vos factions pr\u00e9f\u00e9r\u00e9es sur votre smartphone. (n\u00e9cessite un lecteur de fichiers CBZ comme perfect viewer sur Android).<\/p><p><img decoding=\"async\" src=\"http:\/\/l2mj.crocpom.fr\/wp-content\/plugins\/wp-downloadmanager\/images\/ext\/unknown.gif\" alt=\"\" title=\"\" style=\"vertical-align: middle;\" \/><a href=\"https:\/\/l2mj.crocpom.fr\/?dl_id=47\">Fichiers CBZ pour les profils Kharns<\/a><br \/>Fichiers CBZ qui vous permet d'avoir \u00e0 tout moment les profils de vos factions pr\u00e9f\u00e9r\u00e9es sur votre smartphone. (n\u00e9cessite un lecteur de fichiers CBZ comme perfect viewer sur Android).<\/p><p><img decoding=\"async\" src=\"http:\/\/l2mj.crocpom.fr\/wp-content\/plugins\/wp-downloadmanager\/images\/ext\/unknown.gif\" alt=\"\" title=\"\" style=\"vertical-align: middle;\" \/><a href=\"https:\/\/l2mj.crocpom.fr\/?dl_id=48\">Fichiers CBZ pour les profils Kh\u00e9rops<\/a><br \/>Fichiers CBZ qui vous permet d'avoir \u00e0 tout moment les profils de vos factions pr\u00e9f\u00e9r\u00e9es sur votre smartphone. (n\u00e9cessite un lecteur de fichiers CBZ comme perfect viewer sur Android).<\/p><p><img decoding=\"async\" src=\"http:\/\/l2mj.crocpom.fr\/wp-content\/plugins\/wp-downloadmanager\/images\/ext\/pdf.gif\" alt=\"\" title=\"\" style=\"vertical-align: middle;\" \/><a href=\"https:\/\/l2mj.crocpom.fr\/?dl_id=44\">M\u00e9mo Kharn-Ages - Les Actions<\/a><br \/>R\u00e9capitulatif des actions possibles dans le jeu Kharn-Ages.<\/p><p><img decoding=\"async\" src=\"http:\/\/l2mj.crocpom.fr\/wp-content\/plugins\/wp-downloadmanager\/images\/ext\/pdf.gif\" alt=\"\" title=\"\" style=\"vertical-align: middle;\" \/><a href=\"https:\/\/l2mj.crocpom.fr\/?dl_id=45\">M\u00e9mo Kharn-Ages - Les Mots Cl\u00e9s<\/a><br \/>R\u00e9capitulatif des  mots cl\u00e9s existants dans le jeu Kharn-Ages.<\/p><br>\n","protected":false},"excerpt":{"rendered":"","protected":false},"author":2,"featured_media":0,"parent":221,"menu_order":0,"comment_status":"closed","ping_status":"closed","template":"","meta":{"footnotes":""},"class_list":["post-1916","page","type-page","status-publish","hentry"],"_links":{"self":[{"href":"https:\/\/l2mj.crocpom.fr\/index.php?rest_route=\/wp\/v2\/pages\/1916","targetHints":{"allow":["GET"]}}],"collection":[{"href":"https:\/\/l2mj.crocpom.fr\/index.php?rest_route=\/wp\/v2\/pages"}],"about":[{"href":"https:\/\/l2mj.crocpom.fr\/index.php?rest_route=\/wp\/v2\/types\/page"}],"author":[{"embeddable":true,"href":"https:\/\/l2mj.crocpom.fr\/index.php?rest_route=\/wp\/v2\/users\/2"}],"replies":[{"embeddable":true,"href":"https:\/\/l2mj.crocpom.fr\/index.php?rest_route=%2Fwp%2Fv2%2Fcomments&post=1916"}],"version-history":[{"count":1,"href":"https:\/\/l2mj.crocpom.fr\/index.php?rest_route=\/wp\/v2\/pages\/1916\/revisions"}],"predecessor-version":[{"id":1917,"href":"https:\/\/l2mj.crocpom.fr\/index.php?rest_route=\/wp\/v2\/pages\/1916\/revisions\/1917"}],"up":[{"embeddable":true,"href":"https:\/\/l2mj.crocpom.fr\/index.php?rest_route=\/wp\/v2\/pages\/221"}],"wp:attachment":[{"href":"https:\/\/l2mj.crocpom.fr\/index.php?rest_route=%2Fwp%2Fv2%2Fmedia&parent=1916"}],"curies":[{"name":"wp","href":"https:\/\/api.w.org\/{rel}","templated":true}]}}