{"id":221,"date":"2009-11-15T22:44:06","date_gmt":"2009-11-15T20:44:06","guid":{"rendered":"http:\/\/l2mj.crocpom.fr\/?page_id=221"},"modified":"2023-10-25T12:14:11","modified_gmt":"2023-10-25T10:14:11","slug":"aides-de-jeu","status":"publish","type":"page","link":"https:\/\/l2mj.crocpom.fr\/?page_id=221","title":{"rendered":"Aides de Jeu (Liste compl\u00e8te)"},"content":{"rendered":"<p style=\"text-align: center;\"><img decoding=\"async\" class=\"aligncenter\" src=\"..\/wp-content\/Notes\/Trait.png\" alt=\"\" \/><\/p>\n<h2>Briskars :<\/h2>\n<p><img decoding=\"async\" src=\"http:\/\/l2mj.crocpom.fr\/wp-content\/plugins\/wp-downloadmanager\/images\/ext\/unknown.gif\" alt=\"\" title=\"\" style=\"vertical-align: middle;\" \/><a href=\"https:\/\/l2mj.crocpom.fr\/?dl_id=56\">Fichiers CBZ pour les profils Bannis<\/a><br \/>Fichiers CBZ qui vous permet d'avoir \u00e0 tout moment les profils de vos factions pr\u00e9f\u00e9r\u00e9es sur votre smartphone. (n\u00e9cessite un lecteur de fichiers CBZ comme perfect viewer sur Android).<\/p><p><img decoding=\"async\" src=\"http:\/\/l2mj.crocpom.fr\/wp-content\/plugins\/wp-downloadmanager\/images\/ext\/unknown.gif\" alt=\"\" title=\"\" style=\"vertical-align: middle;\" \/><a href=\"https:\/\/l2mj.crocpom.fr\/?dl_id=55\">Fichiers CBZ pour les profils Celks<\/a><br \/>Fichiers CBZ qui vous permet d'avoir \u00e0 tout moment les profils de vos factions pr\u00e9f\u00e9r\u00e9es sur votre smartphone. (n\u00e9cessite un lecteur de fichiers CBZ comme perfect viewer sur Android).<\/p><p><img decoding=\"async\" src=\"http:\/\/l2mj.crocpom.fr\/wp-content\/plugins\/wp-downloadmanager\/images\/ext\/unknown.gif\" alt=\"\" title=\"\" style=\"vertical-align: middle;\" \/><a href=\"https:\/\/l2mj.crocpom.fr\/?dl_id=57\">Fichiers CBZ pour les profils Ichtiens<\/a><br \/>Fichiers CBZ qui vous permet d'avoir \u00e0 tout moment les profils de vos factions pr\u00e9f\u00e9r\u00e9es sur votre smartphone. (n\u00e9cessite un lecteur de fichiers CBZ comme perfect viewer sur Android).<\/p><p><img decoding=\"async\" src=\"http:\/\/l2mj.crocpom.fr\/wp-content\/plugins\/wp-downloadmanager\/images\/ext\/unknown.gif\" alt=\"\" title=\"\" style=\"vertical-align: middle;\" \/><a href=\"https:\/\/l2mj.crocpom.fr\/?dl_id=58\">Fichiers CBZ pour les profils Maoks<\/a><br \/>Fichiers CBZ qui vous permet d'avoir \u00e0 tout moment les profils de vos factions pr\u00e9f\u00e9r\u00e9es sur votre smartphone. (n\u00e9cessite un lecteur de fichiers CBZ comme perfect viewer sur Android).<\/p><p><img decoding=\"async\" src=\"http:\/\/l2mj.crocpom.fr\/wp-content\/plugins\/wp-downloadmanager\/images\/ext\/unknown.gif\" alt=\"\" title=\"\" style=\"vertical-align: middle;\" \/><a href=\"https:\/\/l2mj.crocpom.fr\/?dl_id=54\">Fichiers CBZ pour les profils Mercenaires<\/a><br \/>Fichiers CBZ qui vous permet d'avoir \u00e0 tout moment les profils de vos factions pr\u00e9f\u00e9r\u00e9es sur votre smartphone. (n\u00e9cessite un lecteur de fichiers CBZ comme perfect viewer sur Android).<\/p><p><img decoding=\"async\" src=\"http:\/\/l2mj.crocpom.fr\/wp-content\/plugins\/wp-downloadmanager\/images\/ext\/unknown.gif\" alt=\"\" title=\"\" style=\"vertical-align: middle;\" \/><a href=\"https:\/\/l2mj.crocpom.fr\/?dl_id=59\">Fichiers CBZ pour les profils Orenauques<\/a><br \/>Fichiers CBZ qui vous permet d'avoir \u00e0 tout moment les profils de vos factions pr\u00e9f\u00e9r\u00e9es sur votre smartphone. (n\u00e9cessite un lecteur de fichiers CBZ comme perfect viewer sur Android).<\/p><p><img decoding=\"async\" src=\"http:\/\/l2mj.crocpom.fr\/wp-content\/plugins\/wp-downloadmanager\/images\/ext\/unknown.gif\" alt=\"\" title=\"\" style=\"vertical-align: middle;\" \/><a href=\"https:\/\/l2mj.crocpom.fr\/?dl_id=51\">Fichiers CBZ pour les profils Quintors<\/a><br \/>Fichiers CBZ qui vous permet d'avoir \u00e0 tout moment les profils de vos factions pr\u00e9f\u00e9r\u00e9es sur votre smartphone. (n\u00e9cessite un lecteur de fichiers CBZ comme perfect viewer sur Android).<\/p><p><img decoding=\"async\" src=\"http:\/\/l2mj.crocpom.fr\/wp-content\/plugins\/wp-downloadmanager\/images\/ext\/unknown.gif\" alt=\"\" title=\"\" style=\"vertical-align: middle;\" \/><a href=\"https:\/\/l2mj.crocpom.fr\/?dl_id=52\">Fichiers CBZ pour les profils Sundars<\/a><br \/>Fichiers CBZ qui vous permet d'avoir \u00e0 tout moment les profils de vos factions pr\u00e9f\u00e9r\u00e9es sur votre smartphone. (n\u00e9cessite un lecteur de fichiers CBZ comme perfect viewer sur Android).<\/p><p><img decoding=\"async\" src=\"http:\/\/l2mj.crocpom.fr\/wp-content\/plugins\/wp-downloadmanager\/images\/ext\/unknown.gif\" alt=\"\" title=\"\" style=\"vertical-align: middle;\" \/><a href=\"https:\/\/l2mj.crocpom.fr\/?dl_id=53\">Fichiers CBZ pour les profils Thul\u00e9ens<\/a><br \/>Fichiers CBZ qui vous permet d'avoir \u00e0 tout moment les profils de vos factions pr\u00e9f\u00e9r\u00e9es sur votre smartphone. (n\u00e9cessite un lecteur de fichiers CBZ comme perfect viewer sur Android).<\/p><p><img decoding=\"async\" src=\"http:\/\/l2mj.crocpom.fr\/wp-content\/plugins\/wp-downloadmanager\/images\/ext\/pdf.gif\" alt=\"\" title=\"\" style=\"vertical-align: middle;\" \/><a href=\"https:\/\/l2mj.crocpom.fr\/?dl_id=43\">M\u00e9mo pour le jeu de figurines Briskars (par cat\u00e9gories)<\/a><br \/>R\u00e9capitulatif de la structure d'un tour de jeu et liste des actions possibles (tri\u00e9e par cat\u00e9gories) dans le jeu Briskars<\/p><p><img decoding=\"async\" src=\"http:\/\/l2mj.crocpom.fr\/wp-content\/plugins\/wp-downloadmanager\/images\/ext\/pdf.gif\" alt=\"\" title=\"\" style=\"vertical-align: middle;\" \/><a href=\"https:\/\/l2mj.crocpom.fr\/?dl_id=46\">M\u00e9mo pour le jeu de figurines Briskars (tri alphab\u00e9tique)<\/a><br \/>R\u00e9capitulatif de la structure d'un tour de jeu et liste des actions possibles (tri\u00e9e alphab\u00e9tiquement) dans le jeu Briskars.<\/p><p><img decoding=\"async\" src=\"http:\/\/l2mj.crocpom.fr\/wp-content\/plugins\/wp-downloadmanager\/images\/ext\/pdf.gif\" alt=\"\" title=\"\" style=\"vertical-align: middle;\" \/><a href=\"https:\/\/l2mj.crocpom.fr\/?dl_id=60\">M\u00e9mo pour les colosses du jeu de figurines Briskars (Format A5)<\/a><br \/>R\u00e9capitulatif des actions et des r\u00e8gles sp\u00e9cifiques des colosses du jeu Briskars.<\/p><p><img decoding=\"async\" src=\"http:\/\/l2mj.crocpom.fr\/wp-content\/plugins\/wp-downloadmanager\/images\/ext\/pdf.gif\" alt=\"\" title=\"\" style=\"vertical-align: middle;\" \/><a href=\"https:\/\/l2mj.crocpom.fr\/?dl_id=61\">M\u00e9mo pour les montures du jeu de figurines Briskars<\/a><br \/>R\u00e9capitulatif des actions et des r\u00e8gles sp\u00e9cifiques des montures du jeu Briskars.<\/p><br>\n<p><img decoding=\"async\" class=\"aligncenter\" src=\"..\/wp-content\/Notes\/Trait.png\" alt=\"\" \/><\/p>\n<h2>Kh\u00e2rn-\u00c2ges :<\/h2>\n<p><img decoding=\"async\" src=\"http:\/\/l2mj.crocpom.fr\/wp-content\/plugins\/wp-downloadmanager\/images\/ext\/unknown.gif\" alt=\"\" title=\"\" style=\"vertical-align: middle;\" \/><a href=\"https:\/\/l2mj.crocpom.fr\/?dl_id=62\">Fichiers CBZ pour les profils Fangs<\/a><br \/>Fichiers CBZ qui vous permet d'avoir \u00e0 tout moment les profils de vos factions pr\u00e9f\u00e9r\u00e9es sur votre smartphone. (n\u00e9cessite un lecteur de fichiers CBZ comme perfect viewer sur Android).<\/p><p><img decoding=\"async\" src=\"http:\/\/l2mj.crocpom.fr\/wp-content\/plugins\/wp-downloadmanager\/images\/ext\/unknown.gif\" alt=\"\" title=\"\" style=\"vertical-align: middle;\" \/><a href=\"https:\/\/l2mj.crocpom.fr\/?dl_id=49\">Fichiers CBZ pour les profils Gouns<\/a><br \/>Fichiers CBZ qui vous permet d'avoir \u00e0 tout moment les profils de vos factions pr\u00e9f\u00e9r\u00e9es sur votre smartphone. (n\u00e9cessite un lecteur de fichiers CBZ comme perfect viewer sur Android).<\/p><p><img decoding=\"async\" src=\"http:\/\/l2mj.crocpom.fr\/wp-content\/plugins\/wp-downloadmanager\/images\/ext\/unknown.gif\" alt=\"\" title=\"\" style=\"vertical-align: middle;\" \/><a href=\"https:\/\/l2mj.crocpom.fr\/?dl_id=50\">Fichiers CBZ pour les profils Guilde noire<\/a><br \/>Fichiers CBZ qui vous permet d'avoir \u00e0 tout moment les profils de vos factions pr\u00e9f\u00e9r\u00e9es sur votre smartphone. (n\u00e9cessite un lecteur de fichiers CBZ comme perfect viewer sur Android).<\/p><p><img decoding=\"async\" src=\"http:\/\/l2mj.crocpom.fr\/wp-content\/plugins\/wp-downloadmanager\/images\/ext\/unknown.gif\" alt=\"\" title=\"\" style=\"vertical-align: middle;\" \/><a href=\"https:\/\/l2mj.crocpom.fr\/?dl_id=47\">Fichiers CBZ pour les profils Kharns<\/a><br \/>Fichiers CBZ qui vous permet d'avoir \u00e0 tout moment les profils de vos factions pr\u00e9f\u00e9r\u00e9es sur votre smartphone. (n\u00e9cessite un lecteur de fichiers CBZ comme perfect viewer sur Android).<\/p><p><img decoding=\"async\" src=\"http:\/\/l2mj.crocpom.fr\/wp-content\/plugins\/wp-downloadmanager\/images\/ext\/unknown.gif\" alt=\"\" title=\"\" style=\"vertical-align: middle;\" \/><a href=\"https:\/\/l2mj.crocpom.fr\/?dl_id=48\">Fichiers CBZ pour les profils Kh\u00e9rops<\/a><br \/>Fichiers CBZ qui vous permet d'avoir \u00e0 tout moment les profils de vos factions pr\u00e9f\u00e9r\u00e9es sur votre smartphone. (n\u00e9cessite un lecteur de fichiers CBZ comme perfect viewer sur Android).<\/p><p><img decoding=\"async\" src=\"http:\/\/l2mj.crocpom.fr\/wp-content\/plugins\/wp-downloadmanager\/images\/ext\/pdf.gif\" alt=\"\" title=\"\" style=\"vertical-align: middle;\" \/><a href=\"https:\/\/l2mj.crocpom.fr\/?dl_id=44\">M\u00e9mo Kharn-Ages - Les Actions<\/a><br \/>R\u00e9capitulatif des actions possibles dans le jeu Kharn-Ages.<\/p><p><img decoding=\"async\" src=\"http:\/\/l2mj.crocpom.fr\/wp-content\/plugins\/wp-downloadmanager\/images\/ext\/pdf.gif\" alt=\"\" title=\"\" style=\"vertical-align: middle;\" \/><a href=\"https:\/\/l2mj.crocpom.fr\/?dl_id=45\">M\u00e9mo Kharn-Ages - Les Mots Cl\u00e9s<\/a><br \/>R\u00e9capitulatif des  mots cl\u00e9s existants dans le jeu Kharn-Ages.<\/p><br>\n<p><img decoding=\"async\" class=\"aligncenter\" src=\"..\/wp-content\/Notes\/Trait.png\" alt=\"\" \/><\/p>\n<h2>Divers :<\/h2>\n<p><img decoding=\"async\" src=\"http:\/\/l2mj.crocpom.fr\/wp-content\/plugins\/wp-downloadmanager\/images\/ext\/pdf.gif\" alt=\"\" title=\"\" style=\"vertical-align: middle;\" \/><a href=\"https:\/\/l2mj.crocpom.fr\/?dl_id=10\">Arachnoides<\/a><br \/>La fiche d'arm\u00e9e des Arachnoides du jeu Micro Mutant.<\/p><p><img decoding=\"async\" src=\"http:\/\/l2mj.crocpom.fr\/wp-content\/plugins\/wp-downloadmanager\/images\/ext\/pdf.gif\" alt=\"\" title=\"\" style=\"vertical-align: middle;\" \/><a href=\"https:\/\/l2mj.crocpom.fr\/?dl_id=11\">Cosmoplantes<\/a><br \/>La fiche d'arm\u00e9e des Cosmoplantes du jeu Micro Mutant.<\/p><p><img decoding=\"async\" src=\"http:\/\/l2mj.crocpom.fr\/wp-content\/plugins\/wp-downloadmanager\/images\/ext\/pdf.gif\" alt=\"\" title=\"\" style=\"vertical-align: middle;\" \/><a href=\"https:\/\/l2mj.crocpom.fr\/?dl_id=13\">Exoborgs<\/a><br \/>La fiche d'arm\u00e9e des Exoborgs du jeu Micro Mutant.<\/p><p><img decoding=\"async\" src=\"http:\/\/l2mj.crocpom.fr\/wp-content\/plugins\/wp-downloadmanager\/images\/ext\/pdf.gif\" alt=\"\" title=\"\" style=\"vertical-align: middle;\" \/><a href=\"https:\/\/l2mj.crocpom.fr\/?dl_id=14\">Les r\u00e8gles<\/a><br \/>Les r\u00e8gles en fran\u00e7ais du jeu Micro Mutant.<\/p><p><img decoding=\"async\" src=\"http:\/\/l2mj.crocpom.fr\/wp-content\/plugins\/wp-downloadmanager\/images\/ext\/pdf.gif\" alt=\"\" title=\"\" style=\"vertical-align: middle;\" \/><a href=\"https:\/\/l2mj.crocpom.fr\/?dl_id=15\">Les Terrains<\/a><br \/>L'extension \"Les terrains\" du jeu Micro Mutant.<\/p><p><img decoding=\"async\" src=\"http:\/\/l2mj.crocpom.fr\/wp-content\/plugins\/wp-downloadmanager\/images\/ext\/pdf.gif\" alt=\"\" title=\"\" style=\"vertical-align: middle;\" \/><a href=\"https:\/\/l2mj.crocpom.fr\/?dl_id=17\">Russopt\u00e8res<\/a><br \/>La fiche d'arm\u00e9e des Russopt\u00e8res du jeu Micro Mutant.<\/p><p><img decoding=\"async\" src=\"http:\/\/l2mj.crocpom.fr\/wp-content\/plugins\/wp-downloadmanager\/images\/ext\/pdf.gif\" alt=\"\" title=\"\" style=\"vertical-align: middle;\" \/><a href=\"https:\/\/l2mj.crocpom.fr\/?dl_id=18\">Sashimites<\/a><br \/>La fiche d'arm\u00e9e des Sashimites du jeu Micro Mutant.<\/p><p><img decoding=\"async\" src=\"http:\/\/l2mj.crocpom.fr\/wp-content\/plugins\/wp-downloadmanager\/images\/ext\/pdf.gif\" alt=\"\" title=\"\" style=\"vertical-align: middle;\" \/><a href=\"https:\/\/l2mj.crocpom.fr\/?dl_id=19\">USATropodes<\/a><br \/>La fiche d'arm\u00e9e des USATropodes du jeu Micro Mutant.<\/p><br>\n<p><img decoding=\"async\" class=\"aligncenter\" src=\"..\/wp-content\/Notes\/Trait.png\" alt=\"\" \/><\/p>\n<h2>Micro Mutants :<\/h2>\n<p><img decoding=\"async\" src=\"http:\/\/l2mj.crocpom.fr\/wp-content\/plugins\/wp-downloadmanager\/images\/ext\/pdf.gif\" alt=\"\" title=\"\" style=\"vertical-align: middle;\" \/><a href=\"https:\/\/l2mj.crocpom.fr\/?dl_id=10\">Arachnoides<\/a><br \/>La fiche d'arm\u00e9e des Arachnoides du jeu Micro Mutant.<\/p><p><img decoding=\"async\" src=\"http:\/\/l2mj.crocpom.fr\/wp-content\/plugins\/wp-downloadmanager\/images\/ext\/pdf.gif\" alt=\"\" title=\"\" style=\"vertical-align: middle;\" \/><a href=\"https:\/\/l2mj.crocpom.fr\/?dl_id=11\">Cosmoplantes<\/a><br \/>La fiche d'arm\u00e9e des Cosmoplantes du jeu Micro Mutant.<\/p><p><img decoding=\"async\" src=\"http:\/\/l2mj.crocpom.fr\/wp-content\/plugins\/wp-downloadmanager\/images\/ext\/pdf.gif\" alt=\"\" title=\"\" style=\"vertical-align: middle;\" \/><a href=\"https:\/\/l2mj.crocpom.fr\/?dl_id=13\">Exoborgs<\/a><br \/>La fiche d'arm\u00e9e des Exoborgs du jeu Micro Mutant.<\/p><p><img decoding=\"async\" src=\"http:\/\/l2mj.crocpom.fr\/wp-content\/plugins\/wp-downloadmanager\/images\/ext\/pdf.gif\" alt=\"\" title=\"\" style=\"vertical-align: middle;\" \/><a href=\"https:\/\/l2mj.crocpom.fr\/?dl_id=14\">Les r\u00e8gles<\/a><br \/>Les r\u00e8gles en fran\u00e7ais du jeu Micro Mutant.<\/p><p><img decoding=\"async\" src=\"http:\/\/l2mj.crocpom.fr\/wp-content\/plugins\/wp-downloadmanager\/images\/ext\/pdf.gif\" alt=\"\" title=\"\" style=\"vertical-align: middle;\" \/><a href=\"https:\/\/l2mj.crocpom.fr\/?dl_id=15\">Les Terrains<\/a><br \/>L'extension \"Les terrains\" du jeu Micro Mutant.<\/p><p><img decoding=\"async\" src=\"http:\/\/l2mj.crocpom.fr\/wp-content\/plugins\/wp-downloadmanager\/images\/ext\/pdf.gif\" alt=\"\" title=\"\" style=\"vertical-align: middle;\" \/><a href=\"https:\/\/l2mj.crocpom.fr\/?dl_id=17\">Russopt\u00e8res<\/a><br \/>La fiche d'arm\u00e9e des Russopt\u00e8res du jeu Micro Mutant.<\/p><p><img decoding=\"async\" src=\"http:\/\/l2mj.crocpom.fr\/wp-content\/plugins\/wp-downloadmanager\/images\/ext\/pdf.gif\" alt=\"\" title=\"\" style=\"vertical-align: middle;\" \/><a href=\"https:\/\/l2mj.crocpom.fr\/?dl_id=18\">Sashimites<\/a><br \/>La fiche d'arm\u00e9e des Sashimites du jeu Micro Mutant.<\/p><p><img decoding=\"async\" src=\"http:\/\/l2mj.crocpom.fr\/wp-content\/plugins\/wp-downloadmanager\/images\/ext\/pdf.gif\" alt=\"\" title=\"\" style=\"vertical-align: middle;\" \/><a href=\"https:\/\/l2mj.crocpom.fr\/?dl_id=19\">USATropodes<\/a><br \/>La fiche d'arm\u00e9e des USATropodes du jeu Micro Mutant.<\/p><br>\n<p style=\"text-align: center;\"><img decoding=\"async\" class=\"aligncenter\" src=\"..\/wp-content\/Notes\/Trait.png\" alt=\"\" \/><\/p>\n\n\n<h2 class=\"wp-block-heading\">Sherlock Detective Conseil :<\/h2>\n\n\n<p><img decoding=\"async\" src=\"http:\/\/l2mj.crocpom.fr\/wp-content\/plugins\/wp-downloadmanager\/images\/ext\/pdf.gif\" alt=\"\" title=\"\" style=\"vertical-align: middle;\" \/><a href=\"https:\/\/l2mj.crocpom.fr\/?dl_id=33\">Le pont des suicid\u00e9s<\/a><br \/>Enqu\u00eate pour Sherlock d\u00e9tective conseil.<\/p><p><img decoding=\"async\" src=\"http:\/\/l2mj.crocpom.fr\/wp-content\/plugins\/wp-downloadmanager\/images\/ext\/pdf.gif\" alt=\"\" title=\"\" style=\"vertical-align: middle;\" \/><a href=\"https:\/\/l2mj.crocpom.fr\/?dl_id=34\">Le pont des suicid\u00e9s - Times<\/a><br \/>\u00c9dition du Times de l'enqu\u00eate pour Sherlock detective conseil portant le m\u00eame nom.<\/p><p><img decoding=\"async\" src=\"http:\/\/l2mj.crocpom.fr\/wp-content\/plugins\/wp-downloadmanager\/images\/ext\/pdf.gif\" alt=\"\" title=\"\" style=\"vertical-align: middle;\" \/><a href=\"https:\/\/l2mj.crocpom.fr\/?dl_id=35\">L'affaire de la lettre pi\u00e9g\u00e9e<\/a><br \/>Enqu\u00eate pour Sherlock d\u00e9tective conseil.<\/p><p><img decoding=\"async\" src=\"http:\/\/l2mj.crocpom.fr\/wp-content\/plugins\/wp-downloadmanager\/images\/ext\/pdf.gif\" alt=\"\" title=\"\" style=\"vertical-align: middle;\" \/><a href=\"https:\/\/l2mj.crocpom.fr\/?dl_id=36\">L'affaire de la lettre pi\u00e9g\u00e9e - Times<\/a><br \/>\u00c9dition du Times de l'enqu\u00eate pour Sherlock detective conseil portant le m\u00eame nom.<\/p><p><img decoding=\"async\" src=\"http:\/\/l2mj.crocpom.fr\/wp-content\/plugins\/wp-downloadmanager\/images\/ext\/pdf.gif\" alt=\"\" title=\"\" style=\"vertical-align: middle;\" \/><a href=\"https:\/\/l2mj.crocpom.fr\/?dl_id=37\">L'affaire Diavolo<\/a><br \/>Enqu\u00eate pour Sherlock d\u00e9tective conseil.<\/p><p><img decoding=\"async\" src=\"http:\/\/l2mj.crocpom.fr\/wp-content\/plugins\/wp-downloadmanager\/images\/ext\/pdf.gif\" alt=\"\" title=\"\" style=\"vertical-align: middle;\" \/><a href=\"https:\/\/l2mj.crocpom.fr\/?dl_id=38\">L'affaire Diavolo - Times<\/a><br \/>\u00c9dition du Times de l'enqu\u00eate pour Sherlock detective conseil portant le m\u00eame nom.<\/p><p><img decoding=\"async\" src=\"http:\/\/l2mj.crocpom.fr\/wp-content\/plugins\/wp-downloadmanager\/images\/ext\/pdf.gif\" alt=\"\" title=\"\" style=\"vertical-align: middle;\" \/><a href=\"https:\/\/l2mj.crocpom.fr\/?dl_id=39\">L'affaire du pendu<\/a><br \/>Enqu\u00eate pour Sherlock d\u00e9tective conseil.<\/p><p><img decoding=\"async\" src=\"http:\/\/l2mj.crocpom.fr\/wp-content\/plugins\/wp-downloadmanager\/images\/ext\/pdf.gif\" alt=\"\" title=\"\" style=\"vertical-align: middle;\" \/><a href=\"https:\/\/l2mj.crocpom.fr\/?dl_id=40\">L'affaire du pendu - Times<\/a><br \/>\u00c9dition du Times de l'enqu\u00eate pour Sherlock detective conseil portant le m\u00eame nom.<\/p><p><img decoding=\"async\" src=\"http:\/\/l2mj.crocpom.fr\/wp-content\/plugins\/wp-downloadmanager\/images\/ext\/pdf.gif\" alt=\"\" title=\"\" style=\"vertical-align: middle;\" \/><a href=\"https:\/\/l2mj.crocpom.fr\/?dl_id=41\">Petits jeux entre amis<\/a><br \/>Enqu\u00eate pour Sherlock d\u00e9tective conseil.<\/p><p><img decoding=\"async\" src=\"http:\/\/l2mj.crocpom.fr\/wp-content\/plugins\/wp-downloadmanager\/images\/ext\/pdf.gif\" alt=\"\" title=\"\" style=\"vertical-align: middle;\" \/><a href=\"https:\/\/l2mj.crocpom.fr\/?dl_id=42\">Petits jeux entre amis - Times<\/a><br \/>\u00c9dition du Times de l'enqu\u00eate pour Sherlock detective conseil portant le m\u00eame nom.<\/p><br>\n","protected":false},"excerpt":{"rendered":"<p>Briskars : Kh\u00e2rn-\u00c2ges : Divers : Micro Mutants : Sherlock Detective Conseil :<\/p>\n","protected":false},"author":2,"featured_media":0,"parent":0,"menu_order":0,"comment_status":"closed","ping_status":"closed","template":"","meta":{"footnotes":""},"class_list":["post-221","page","type-page","status-publish","hentry"],"_links":{"self":[{"href":"https:\/\/l2mj.crocpom.fr\/index.php?rest_route=\/wp\/v2\/pages\/221","targetHints":{"allow":["GET"]}}],"collection":[{"href":"https:\/\/l2mj.crocpom.fr\/index.php?rest_route=\/wp\/v2\/pages"}],"about":[{"href":"https:\/\/l2mj.crocpom.fr\/index.php?rest_route=\/wp\/v2\/types\/page"}],"author":[{"embeddable":true,"href":"https:\/\/l2mj.crocpom.fr\/index.php?rest_route=\/wp\/v2\/users\/2"}],"replies":[{"embeddable":true,"href":"https:\/\/l2mj.crocpom.fr\/index.php?rest_route=%2Fwp%2Fv2%2Fcomments&post=221"}],"version-history":[{"count":24,"href":"https:\/\/l2mj.crocpom.fr\/index.php?rest_route=\/wp\/v2\/pages\/221\/revisions"}],"predecessor-version":[{"id":2020,"href":"https:\/\/l2mj.crocpom.fr\/index.php?rest_route=\/wp\/v2\/pages\/221\/revisions\/2020"}],"wp:attachment":[{"href":"https:\/\/l2mj.crocpom.fr\/index.php?rest_route=%2Fwp%2Fv2%2Fmedia&parent=221"}],"curies":[{"name":"wp","href":"https:\/\/api.w.org\/{rel}","templated":true}]}}